{"id":3195,"date":"2025-01-29T09:50:26","date_gmt":"2025-01-29T08:50:26","guid":{"rendered":"https:\/\/drprljamedical.dev-digitaldot.com\/?page_id=3195"},"modified":"2025-06-20T13:40:52","modified_gmt":"2025-06-20T11:40:52","slug":"dr-ognjen-cukic","status":"publish","type":"page","link":"https:\/\/drprljamedical.dev-digitaldot.com\/en\/dr-ognjen-cukic\/","title":{"rendered":"Dr Ognjen \u010cukic"},"content":{"rendered":"\n<p>Dr. Ognjen \u010cuki\u0107 is a specialist in otorhinolaryngology from Belgrade. He graduated from the <strong>University of Belgrade Faculty of Medicine<\/strong> in 2008 and passed his specialist exam in 2016 with excellent results. From 2016 to 2021, he worked as an otorhinolaryngologist in the Department of Otorhinolaryngology with Maxillofacial Surgery at the Zemun Clinical Hospital Center. As part of this department, which serves as a teaching base for the University of Belgrade Faculty of Medicine, he participated in teaching <strong>Otorhinolaryngology with Maxillofacial Surgery<\/strong> in the integrated academic medical studies program as a clinical assistant.<\/p>\n\n\n\n<p>In 2024, he defended his doctoral dissertation titled <em>\u201cComparative Analysis of Voice Quality in Patients with Benign Vocal Cord Lesions Following Direct Laryngomicroscopy and Indirect Laryngoscopic Surgery.\u201d<\/em><\/p>\n\n\n\n<p>Since 2022, Dr. \u010cuki\u0107 has been employed as an otorhinolaryngologist at the Clinic for Otorhinolaryngology of the Military Medical Academy.<\/p>\n\n\n\n<p>His primary areas of interest include<strong> laryngeal and neck surgery and microsurgery for benign vocal cord lesions<\/strong>. He has undergone specialized training in these fields through multiple practical courses and clinical fellowships abroad (Hamburg, Arezzo, Brescia, and Zurich). He has also published several scientific papers on these topics in JCR-indexed journals.<\/p>\n\n\n\n<p>Dr. \u010cuki\u0107 is a member of the <strong>Serbian Medical Society and the Serbian Laryngological Association. <\/strong>He serves on the editorial board and as a peer reviewer for the Ear, Nose &amp; Throat Journal. Additionally, he reviews articles for Vojnosanitetski Pregled, BMC Oral Health, and Case Reports in Otolaryngology.<\/p>\n\n\n\n<p><em>Dr. \u010cuki\u0107 has delivered notable presentations at numerous scientific conferences both nationally and internationally<\/em>, including:<\/p>\n\n\n\n<ul class=\"wp-block-list\">\n<li>Voice Symposium &#8211; Salzburg (2016)<\/li>\n\n\n\n<li>ENT Week of the Slovenian Medical Society &#8211; Bled (2022)<\/li>\n\n\n\n<li>Congress of the European Laryngological Society &#8211; Milan (2023)<\/li>\n<\/ul>\n\n\n\n<p>He has participated as an invited speaker and a regular program lecturer at these events.<\/p>\n\n\n\n<p>In addition to otorhinolaryngological examinations, Dr. \u010cuki\u0107 performs larynx and hypopharynx examinations using a rigid endoscope (telelaryngoscopy), adenoidectomy, tonsillectomy, and laryngomicroscopy (LMS) with the removal of vocal cord lesions. He also specializes in the excision of lipomas and other benign neck tumors, lymph node biopsies, surgical treatment of medial and lateral neck cysts, and the removal of small skin lesions and moles on the face and neck.<\/p>\n","protected":false},"excerpt":{"rendered":"<p>Dr. Ognjen \u010cuki\u0107 is a specialist in otorhinolaryngology from Belgrade. He graduated from the University of Belgrade Faculty of Medicine in 2008 and passed his specialist exam in 2016 with excellent results. From 2016 to 2021, he worked as an otorhinolaryngologist in the Department of Otorhinolaryngology with Maxillofacial Surgery at the Zemun Clinical Hospital Center. [&hellip;]<\/p>\n","protected":false},"author":1,"featured_media":8826,"parent":0,"menu_order":0,"comment_status":"closed","ping_status":"closed","template":"page-doctor.php","meta":{"_acf_changed":false,"footnotes":""},"class_list":["post-3195","page","type-page","status-publish","has-post-thumbnail","hentry"],"acf":[],"yoast_head":"<!-- This site is optimized with the Yoast SEO plugin v27.0 - https:\/\/yoast.com\/product\/yoast-seo-wordpress\/ -->\n<title>Dr Ognjen \u010cukic | Dr Prlja Medical Belgrade<\/title>\n<meta name=\"description\" content=\"Dr. Ognjen \u010cuki\u0107 - Expert ENT care &amp; surgery at Dr. Prlja Medical, Belgrade. Visit us for top-quality medical treatment!\" \/>\n<meta name=\"robots\" content=\"noindex, follow, max-snippet:-1, max-image-preview:large, max-video-preview:-1\" \/>\n<meta property=\"og:locale\" content=\"en_US\" \/>\n<meta property=\"og:type\" content=\"article\" \/>\n<meta property=\"og:title\" content=\"Dr Ognjen \u010cukic | Dr Prlja Medical Belgrade\" \/>\n<meta property=\"og:description\" content=\"Dr. Ognjen \u010cuki\u0107 - Expert ENT care &amp; surgery at Dr. Prlja Medical, Belgrade. Visit us for top-quality medical treatment!\" \/>\n<meta property=\"og:url\" content=\"https:\/\/drprljamedical.dev-digitaldot.com\/en\/dr-ognjen-cukic\/\" \/>\n<meta property=\"og:site_name\" content=\"Dr Prlja Medical\" \/>\n<meta property=\"article:modified_time\" content=\"2025-06-20T11:40:52+00:00\" \/>\n<meta property=\"og:image\" content=\"http:\/\/drprljamedical.dev-digitaldot.com\/wp-content\/uploads\/2025\/06\/image-02.jpg\" \/>\n\t<meta property=\"og:image:width\" content=\"340\" \/>\n\t<meta property=\"og:image:height\" content=\"370\" \/>\n\t<meta property=\"og:image:type\" content=\"image\/jpeg\" \/>\n<meta name=\"twitter:card\" content=\"summary_large_image\" \/>\n<meta name=\"twitter:label1\" content=\"Est. reading time\" \/>\n\t<meta name=\"twitter:data1\" content=\"3 minutes\" \/>\n<script type=\"application\/ld+json\" class=\"yoast-schema-graph\">{\"@context\":\"https:\/\/schema.org\",\"@graph\":[{\"@type\":\"WebPage\",\"@id\":\"https:\/\/drprljamedical.dev-digitaldot.com\/en\/dr-ognjen-cukic\/\",\"url\":\"https:\/\/drprljamedical.dev-digitaldot.com\/en\/dr-ognjen-cukic\/\",\"name\":\"Dr Ognjen \u010cukic | Dr Prlja Medical Belgrade\",\"isPartOf\":{\"@id\":\"https:\/\/drprljamedical.dev-digitaldot.com\/en\/#website\"},\"primaryImageOfPage\":{\"@id\":\"https:\/\/drprljamedical.dev-digitaldot.com\/en\/dr-ognjen-cukic\/#primaryimage\"},\"image\":{\"@id\":\"https:\/\/drprljamedical.dev-digitaldot.com\/en\/dr-ognjen-cukic\/#primaryimage\"},\"thumbnailUrl\":\"https:\/\/drprljamedical.dev-digitaldot.com\/wp-content\/uploads\/2025\/06\/image-02.jpg\",\"datePublished\":\"2025-01-29T08:50:26+00:00\",\"dateModified\":\"2025-06-20T11:40:52+00:00\",\"description\":\"Dr. Ognjen \u010cuki\u0107 - Expert ENT care & surgery at Dr. Prlja Medical, Belgrade. Visit us for top-quality medical treatment!\",\"breadcrumb\":{\"@id\":\"https:\/\/drprljamedical.dev-digitaldot.com\/en\/dr-ognjen-cukic\/#breadcrumb\"},\"inLanguage\":\"en-US\",\"potentialAction\":[{\"@type\":\"ReadAction\",\"target\":[\"https:\/\/drprljamedical.dev-digitaldot.com\/en\/dr-ognjen-cukic\/\"]}]},{\"@type\":\"ImageObject\",\"inLanguage\":\"en-US\",\"@id\":\"https:\/\/drprljamedical.dev-digitaldot.com\/en\/dr-ognjen-cukic\/#primaryimage\",\"url\":\"https:\/\/drprljamedical.dev-digitaldot.com\/wp-content\/uploads\/2025\/06\/image-02.jpg\",\"contentUrl\":\"https:\/\/drprljamedical.dev-digitaldot.com\/wp-content\/uploads\/2025\/06\/image-02.jpg\",\"width\":340,\"height\":370,\"caption\":\"dr Ognjen Cukic\"},{\"@type\":\"BreadcrumbList\",\"@id\":\"https:\/\/drprljamedical.dev-digitaldot.com\/en\/dr-ognjen-cukic\/#breadcrumb\",\"itemListElement\":[{\"@type\":\"ListItem\",\"position\":1,\"name\":\"Home\",\"item\":\"https:\/\/drprljamedical.dev-digitaldot.com\/en\/\"},{\"@type\":\"ListItem\",\"position\":2,\"name\":\"Dr Ognjen \u010cukic\"}]},{\"@type\":\"WebSite\",\"@id\":\"https:\/\/drprljamedical.dev-digitaldot.com\/en\/#website\",\"url\":\"https:\/\/drprljamedical.dev-digitaldot.com\/en\/\",\"name\":\"Dr Prlja Medical\",\"description\":\"ORL i Estetski Tretmani Beograd\",\"publisher\":{\"@id\":\"https:\/\/drprljamedical.dev-digitaldot.com\/en\/#organization\"},\"potentialAction\":[{\"@type\":\"SearchAction\",\"target\":{\"@type\":\"EntryPoint\",\"urlTemplate\":\"https:\/\/drprljamedical.dev-digitaldot.com\/en\/?s={search_term_string}\"},\"query-input\":{\"@type\":\"PropertyValueSpecification\",\"valueRequired\":true,\"valueName\":\"search_term_string\"}}],\"inLanguage\":\"en-US\"},{\"@type\":\"Organization\",\"@id\":\"https:\/\/drprljamedical.dev-digitaldot.com\/en\/#organization\",\"name\":\"Dr Prlja Medical\",\"url\":\"https:\/\/drprljamedical.dev-digitaldot.com\/en\/\",\"logo\":{\"@type\":\"ImageObject\",\"inLanguage\":\"en-US\",\"@id\":\"https:\/\/drprljamedical.dev-digitaldot.com\/en\/#\/schema\/logo\/image\/\",\"url\":\"https:\/\/drprljamedical.dev-digitaldot.com\/wp-content\/uploads\/2025\/01\/logo_header.svg\",\"contentUrl\":\"https:\/\/drprljamedical.dev-digitaldot.com\/wp-content\/uploads\/2025\/01\/logo_header.svg\",\"caption\":\"Dr Prlja Medical\"},\"image\":{\"@id\":\"https:\/\/drprljamedical.dev-digitaldot.com\/en\/#\/schema\/logo\/image\/\"}}]}<\/script>\n<!-- \/ Yoast SEO plugin. -->","yoast_head_json":{"title":"Dr Ognjen \u010cukic | Dr Prlja Medical Belgrade","description":"Dr. Ognjen \u010cuki\u0107 - Expert ENT care & surgery at Dr. Prlja Medical, Belgrade. Visit us for top-quality medical treatment!","robots":{"index":"noindex","follow":"follow","max-snippet":"max-snippet:-1","max-image-preview":"max-image-preview:large","max-video-preview":"max-video-preview:-1"},"og_locale":"en_US","og_type":"article","og_title":"Dr Ognjen \u010cukic | Dr Prlja Medical Belgrade","og_description":"Dr. Ognjen \u010cuki\u0107 - Expert ENT care & surgery at Dr. Prlja Medical, Belgrade. Visit us for top-quality medical treatment!","og_url":"https:\/\/drprljamedical.dev-digitaldot.com\/en\/dr-ognjen-cukic\/","og_site_name":"Dr Prlja Medical","article_modified_time":"2025-06-20T11:40:52+00:00","og_image":[{"width":340,"height":370,"url":"http:\/\/drprljamedical.dev-digitaldot.com\/wp-content\/uploads\/2025\/06\/image-02.jpg","type":"image\/jpeg"}],"twitter_card":"summary_large_image","twitter_misc":{"Est. reading time":"3 minutes"},"schema":{"@context":"https:\/\/schema.org","@graph":[{"@type":"WebPage","@id":"https:\/\/drprljamedical.dev-digitaldot.com\/en\/dr-ognjen-cukic\/","url":"https:\/\/drprljamedical.dev-digitaldot.com\/en\/dr-ognjen-cukic\/","name":"Dr Ognjen \u010cukic | Dr Prlja Medical Belgrade","isPartOf":{"@id":"https:\/\/drprljamedical.dev-digitaldot.com\/en\/#website"},"primaryImageOfPage":{"@id":"https:\/\/drprljamedical.dev-digitaldot.com\/en\/dr-ognjen-cukic\/#primaryimage"},"image":{"@id":"https:\/\/drprljamedical.dev-digitaldot.com\/en\/dr-ognjen-cukic\/#primaryimage"},"thumbnailUrl":"https:\/\/drprljamedical.dev-digitaldot.com\/wp-content\/uploads\/2025\/06\/image-02.jpg","datePublished":"2025-01-29T08:50:26+00:00","dateModified":"2025-06-20T11:40:52+00:00","description":"Dr. Ognjen \u010cuki\u0107 - Expert ENT care & surgery at Dr. Prlja Medical, Belgrade. Visit us for top-quality medical treatment!","breadcrumb":{"@id":"https:\/\/drprljamedical.dev-digitaldot.com\/en\/dr-ognjen-cukic\/#breadcrumb"},"inLanguage":"en-US","potentialAction":[{"@type":"ReadAction","target":["https:\/\/drprljamedical.dev-digitaldot.com\/en\/dr-ognjen-cukic\/"]}]},{"@type":"ImageObject","inLanguage":"en-US","@id":"https:\/\/drprljamedical.dev-digitaldot.com\/en\/dr-ognjen-cukic\/#primaryimage","url":"https:\/\/drprljamedical.dev-digitaldot.com\/wp-content\/uploads\/2025\/06\/image-02.jpg","contentUrl":"https:\/\/drprljamedical.dev-digitaldot.com\/wp-content\/uploads\/2025\/06\/image-02.jpg","width":340,"height":370,"caption":"dr Ognjen Cukic"},{"@type":"BreadcrumbList","@id":"https:\/\/drprljamedical.dev-digitaldot.com\/en\/dr-ognjen-cukic\/#breadcrumb","itemListElement":[{"@type":"ListItem","position":1,"name":"Home","item":"https:\/\/drprljamedical.dev-digitaldot.com\/en\/"},{"@type":"ListItem","position":2,"name":"Dr Ognjen \u010cukic"}]},{"@type":"WebSite","@id":"https:\/\/drprljamedical.dev-digitaldot.com\/en\/#website","url":"https:\/\/drprljamedical.dev-digitaldot.com\/en\/","name":"Dr Prlja Medical","description":"ORL i Estetski Tretmani Beograd","publisher":{"@id":"https:\/\/drprljamedical.dev-digitaldot.com\/en\/#organization"},"potentialAction":[{"@type":"SearchAction","target":{"@type":"EntryPoint","urlTemplate":"https:\/\/drprljamedical.dev-digitaldot.com\/en\/?s={search_term_string}"},"query-input":{"@type":"PropertyValueSpecification","valueRequired":true,"valueName":"search_term_string"}}],"inLanguage":"en-US"},{"@type":"Organization","@id":"https:\/\/drprljamedical.dev-digitaldot.com\/en\/#organization","name":"Dr Prlja Medical","url":"https:\/\/drprljamedical.dev-digitaldot.com\/en\/","logo":{"@type":"ImageObject","inLanguage":"en-US","@id":"https:\/\/drprljamedical.dev-digitaldot.com\/en\/#\/schema\/logo\/image\/","url":"https:\/\/drprljamedical.dev-digitaldot.com\/wp-content\/uploads\/2025\/01\/logo_header.svg","contentUrl":"https:\/\/drprljamedical.dev-digitaldot.com\/wp-content\/uploads\/2025\/01\/logo_header.svg","caption":"Dr Prlja Medical"},"image":{"@id":"https:\/\/drprljamedical.dev-digitaldot.com\/en\/#\/schema\/logo\/image\/"}}]}},"jetpack_sharing_enabled":true,"_links":{"self":[{"href":"https:\/\/drprljamedical.dev-digitaldot.com\/en\/wp-json\/wp\/v2\/pages\/3195","targetHints":{"allow":["GET"]}}],"collection":[{"href":"https:\/\/drprljamedical.dev-digitaldot.com\/en\/wp-json\/wp\/v2\/pages"}],"about":[{"href":"https:\/\/drprljamedical.dev-digitaldot.com\/en\/wp-json\/wp\/v2\/types\/page"}],"author":[{"embeddable":true,"href":"https:\/\/drprljamedical.dev-digitaldot.com\/en\/wp-json\/wp\/v2\/users\/1"}],"replies":[{"embeddable":true,"href":"https:\/\/drprljamedical.dev-digitaldot.com\/en\/wp-json\/wp\/v2\/comments?post=3195"}],"version-history":[{"count":2,"href":"https:\/\/drprljamedical.dev-digitaldot.com\/en\/wp-json\/wp\/v2\/pages\/3195\/revisions"}],"predecessor-version":[{"id":3354,"href":"https:\/\/drprljamedical.dev-digitaldot.com\/en\/wp-json\/wp\/v2\/pages\/3195\/revisions\/3354"}],"wp:featuredmedia":[{"embeddable":true,"href":"https:\/\/drprljamedical.dev-digitaldot.com\/en\/wp-json\/wp\/v2\/media\/8826"}],"wp:attachment":[{"href":"https:\/\/drprljamedical.dev-digitaldot.com\/en\/wp-json\/wp\/v2\/media?parent=3195"}],"curies":[{"name":"wp","href":"https:\/\/api.w.org\/{rel}","templated":true}]}}