{"id":3190,"date":"2025-01-28T16:15:23","date_gmt":"2025-01-28T16:15:23","guid":{"rendered":"https:\/\/drprljamedical.dev-digitaldot.com\/?page_id=3190"},"modified":"2025-03-06T17:20:13","modified_gmt":"2025-03-06T17:20:13","slug":"ana-gutesa","status":"publish","type":"page","link":"https:\/\/drprljamedical.dev-digitaldot.com\/en\/ana-gutesa\/","title":{"rendered":"Ana Gute\u0161a"},"content":{"rendered":"\n<p>Ana Gute\u0161a was born in Loznica, where she completed her primary and secondary education. She passed the state licensing exam in 2018.<\/p>\n\n\n\n<p>She has seven years of professional experience in the <strong>Oncology and Laryngology Department at the Clinic for Otorhinolaryngology and Maxillofacial Surgery<\/strong> of the University Clinical Center of Serbia.<\/p>\n\n\n\n<p>During the COVID-19 pandemic, she gained additional experience through volunteer work in the intensive care unit at <strong>KBC &#8220;Dr. Dragi\u0161a Mi\u0161ovi\u0107&#8221; <\/strong>and the <strong>COVID Hospital in Batajnica.<\/strong><\/p>\n\n\n\n<p>She possesses highly valued skills in providing optimal patient care and implementing treatment protocols with dedication and precision.<\/p>\n\n\n\n<p>Capable of working both independently and as part of a team, she is <strong>always eager to learn and further develop her expertise.<\/strong><\/p>\n","protected":false},"excerpt":{"rendered":"<p>Ana Gute\u0161a was born in Loznica, where she completed her primary and secondary education. She passed the state licensing exam in 2018. She has seven years of professional experience in the Oncology and Laryngology Department at the Clinic for Otorhinolaryngology and Maxillofacial Surgery of the University Clinical Center of Serbia. During the COVID-19 pandemic, she [&hellip;]<\/p>\n","protected":false},"author":1,"featured_media":3191,"parent":0,"menu_order":0,"comment_status":"closed","ping_status":"closed","template":"page-doctor.php","meta":{"_acf_changed":false,"footnotes":""},"class_list":["post-3190","page","type-page","status-publish","has-post-thumbnail","hentry"],"acf":[],"yoast_head":"<!-- This site is optimized with the Yoast SEO plugin v27.0 - https:\/\/yoast.com\/product\/yoast-seo-wordpress\/ -->\n<title>Ana Gute\u0161a | Dr Prlja Medical Belgrade<\/title>\n<meta name=\"description\" content=\"Ana Gute\u0161a \u2013 Expert medical care at Dr. Prlja Medical, Belgrade. Visit us and trust in our experience and dedication to your health!\" \/>\n<meta name=\"robots\" content=\"noindex, follow, max-snippet:-1, max-image-preview:large, max-video-preview:-1\" \/>\n<meta property=\"og:locale\" content=\"en_US\" \/>\n<meta property=\"og:type\" content=\"article\" \/>\n<meta property=\"og:title\" content=\"Ana Gute\u0161a | Dr Prlja Medical Belgrade\" \/>\n<meta property=\"og:description\" content=\"Ana Gute\u0161a \u2013 Expert medical care at Dr. Prlja Medical, Belgrade. Visit us and trust in our experience and dedication to your health!\" \/>\n<meta property=\"og:url\" content=\"https:\/\/drprljamedical.dev-digitaldot.com\/en\/ana-gutesa\/\" \/>\n<meta property=\"og:site_name\" content=\"Dr Prlja Medical\" \/>\n<meta property=\"article:modified_time\" content=\"2025-03-06T17:20:13+00:00\" \/>\n<meta property=\"og:image\" content=\"http:\/\/drprljamedical.dev-digitaldot.com\/wp-content\/uploads\/2025\/03\/sigle_strana_ana_hero_slika.jpg\" \/>\n\t<meta property=\"og:image:width\" content=\"942\" \/>\n\t<meta property=\"og:image:height\" content=\"1024\" \/>\n\t<meta property=\"og:image:type\" content=\"image\/jpeg\" \/>\n<meta name=\"twitter:card\" content=\"summary_large_image\" \/>\n<meta name=\"twitter:label1\" content=\"Est. reading time\" \/>\n\t<meta name=\"twitter:data1\" content=\"1 minute\" \/>\n<script type=\"application\/ld+json\" class=\"yoast-schema-graph\">{\"@context\":\"https:\/\/schema.org\",\"@graph\":[{\"@type\":\"WebPage\",\"@id\":\"https:\/\/drprljamedical.dev-digitaldot.com\/en\/ana-gutesa\/\",\"url\":\"https:\/\/drprljamedical.dev-digitaldot.com\/en\/ana-gutesa\/\",\"name\":\"Ana Gute\u0161a | Dr Prlja Medical Belgrade\",\"isPartOf\":{\"@id\":\"https:\/\/drprljamedical.dev-digitaldot.com\/en\/#website\"},\"primaryImageOfPage\":{\"@id\":\"https:\/\/drprljamedical.dev-digitaldot.com\/en\/ana-gutesa\/#primaryimage\"},\"image\":{\"@id\":\"https:\/\/drprljamedical.dev-digitaldot.com\/en\/ana-gutesa\/#primaryimage\"},\"thumbnailUrl\":\"https:\/\/drprljamedical.dev-digitaldot.com\/wp-content\/uploads\/2025\/03\/sigle_strana_ana_hero_slika.jpg\",\"datePublished\":\"2025-01-28T16:15:23+00:00\",\"dateModified\":\"2025-03-06T17:20:13+00:00\",\"description\":\"Ana Gute\u0161a \u2013 Expert medical care at Dr. Prlja Medical, Belgrade. Visit us and trust in our experience and dedication to your health!\",\"breadcrumb\":{\"@id\":\"https:\/\/drprljamedical.dev-digitaldot.com\/en\/ana-gutesa\/#breadcrumb\"},\"inLanguage\":\"en-US\",\"potentialAction\":[{\"@type\":\"ReadAction\",\"target\":[\"https:\/\/drprljamedical.dev-digitaldot.com\/en\/ana-gutesa\/\"]}]},{\"@type\":\"ImageObject\",\"inLanguage\":\"en-US\",\"@id\":\"https:\/\/drprljamedical.dev-digitaldot.com\/en\/ana-gutesa\/#primaryimage\",\"url\":\"https:\/\/drprljamedical.dev-digitaldot.com\/wp-content\/uploads\/2025\/03\/sigle_strana_ana_hero_slika.jpg\",\"contentUrl\":\"https:\/\/drprljamedical.dev-digitaldot.com\/wp-content\/uploads\/2025\/03\/sigle_strana_ana_hero_slika.jpg\",\"width\":942,\"height\":1024,\"caption\":\"Ana Gutesa\"},{\"@type\":\"BreadcrumbList\",\"@id\":\"https:\/\/drprljamedical.dev-digitaldot.com\/en\/ana-gutesa\/#breadcrumb\",\"itemListElement\":[{\"@type\":\"ListItem\",\"position\":1,\"name\":\"Home\",\"item\":\"https:\/\/drprljamedical.dev-digitaldot.com\/en\/\"},{\"@type\":\"ListItem\",\"position\":2,\"name\":\"Ana Gute\u0161a\"}]},{\"@type\":\"WebSite\",\"@id\":\"https:\/\/drprljamedical.dev-digitaldot.com\/en\/#website\",\"url\":\"https:\/\/drprljamedical.dev-digitaldot.com\/en\/\",\"name\":\"Dr Prlja Medical\",\"description\":\"ORL i Estetski Tretmani Beograd\",\"publisher\":{\"@id\":\"https:\/\/drprljamedical.dev-digitaldot.com\/en\/#organization\"},\"potentialAction\":[{\"@type\":\"SearchAction\",\"target\":{\"@type\":\"EntryPoint\",\"urlTemplate\":\"https:\/\/drprljamedical.dev-digitaldot.com\/en\/?s={search_term_string}\"},\"query-input\":{\"@type\":\"PropertyValueSpecification\",\"valueRequired\":true,\"valueName\":\"search_term_string\"}}],\"inLanguage\":\"en-US\"},{\"@type\":\"Organization\",\"@id\":\"https:\/\/drprljamedical.dev-digitaldot.com\/en\/#organization\",\"name\":\"Dr Prlja Medical\",\"url\":\"https:\/\/drprljamedical.dev-digitaldot.com\/en\/\",\"logo\":{\"@type\":\"ImageObject\",\"inLanguage\":\"en-US\",\"@id\":\"https:\/\/drprljamedical.dev-digitaldot.com\/en\/#\/schema\/logo\/image\/\",\"url\":\"https:\/\/drprljamedical.dev-digitaldot.com\/wp-content\/uploads\/2025\/01\/logo_header.svg\",\"contentUrl\":\"https:\/\/drprljamedical.dev-digitaldot.com\/wp-content\/uploads\/2025\/01\/logo_header.svg\",\"caption\":\"Dr Prlja Medical\"},\"image\":{\"@id\":\"https:\/\/drprljamedical.dev-digitaldot.com\/en\/#\/schema\/logo\/image\/\"}}]}<\/script>\n<!-- \/ Yoast SEO plugin. -->","yoast_head_json":{"title":"Ana Gute\u0161a | Dr Prlja Medical Belgrade","description":"Ana Gute\u0161a \u2013 Expert medical care at Dr. Prlja Medical, Belgrade. Visit us and trust in our experience and dedication to your health!","robots":{"index":"noindex","follow":"follow","max-snippet":"max-snippet:-1","max-image-preview":"max-image-preview:large","max-video-preview":"max-video-preview:-1"},"og_locale":"en_US","og_type":"article","og_title":"Ana Gute\u0161a | Dr Prlja Medical Belgrade","og_description":"Ana Gute\u0161a \u2013 Expert medical care at Dr. Prlja Medical, Belgrade. Visit us and trust in our experience and dedication to your health!","og_url":"https:\/\/drprljamedical.dev-digitaldot.com\/en\/ana-gutesa\/","og_site_name":"Dr Prlja Medical","article_modified_time":"2025-03-06T17:20:13+00:00","og_image":[{"width":942,"height":1024,"url":"http:\/\/drprljamedical.dev-digitaldot.com\/wp-content\/uploads\/2025\/03\/sigle_strana_ana_hero_slika.jpg","type":"image\/jpeg"}],"twitter_card":"summary_large_image","twitter_misc":{"Est. reading time":"1 minute"},"schema":{"@context":"https:\/\/schema.org","@graph":[{"@type":"WebPage","@id":"https:\/\/drprljamedical.dev-digitaldot.com\/en\/ana-gutesa\/","url":"https:\/\/drprljamedical.dev-digitaldot.com\/en\/ana-gutesa\/","name":"Ana Gute\u0161a | Dr Prlja Medical Belgrade","isPartOf":{"@id":"https:\/\/drprljamedical.dev-digitaldot.com\/en\/#website"},"primaryImageOfPage":{"@id":"https:\/\/drprljamedical.dev-digitaldot.com\/en\/ana-gutesa\/#primaryimage"},"image":{"@id":"https:\/\/drprljamedical.dev-digitaldot.com\/en\/ana-gutesa\/#primaryimage"},"thumbnailUrl":"https:\/\/drprljamedical.dev-digitaldot.com\/wp-content\/uploads\/2025\/03\/sigle_strana_ana_hero_slika.jpg","datePublished":"2025-01-28T16:15:23+00:00","dateModified":"2025-03-06T17:20:13+00:00","description":"Ana Gute\u0161a \u2013 Expert medical care at Dr. Prlja Medical, Belgrade. Visit us and trust in our experience and dedication to your health!","breadcrumb":{"@id":"https:\/\/drprljamedical.dev-digitaldot.com\/en\/ana-gutesa\/#breadcrumb"},"inLanguage":"en-US","potentialAction":[{"@type":"ReadAction","target":["https:\/\/drprljamedical.dev-digitaldot.com\/en\/ana-gutesa\/"]}]},{"@type":"ImageObject","inLanguage":"en-US","@id":"https:\/\/drprljamedical.dev-digitaldot.com\/en\/ana-gutesa\/#primaryimage","url":"https:\/\/drprljamedical.dev-digitaldot.com\/wp-content\/uploads\/2025\/03\/sigle_strana_ana_hero_slika.jpg","contentUrl":"https:\/\/drprljamedical.dev-digitaldot.com\/wp-content\/uploads\/2025\/03\/sigle_strana_ana_hero_slika.jpg","width":942,"height":1024,"caption":"Ana Gutesa"},{"@type":"BreadcrumbList","@id":"https:\/\/drprljamedical.dev-digitaldot.com\/en\/ana-gutesa\/#breadcrumb","itemListElement":[{"@type":"ListItem","position":1,"name":"Home","item":"https:\/\/drprljamedical.dev-digitaldot.com\/en\/"},{"@type":"ListItem","position":2,"name":"Ana Gute\u0161a"}]},{"@type":"WebSite","@id":"https:\/\/drprljamedical.dev-digitaldot.com\/en\/#website","url":"https:\/\/drprljamedical.dev-digitaldot.com\/en\/","name":"Dr Prlja Medical","description":"ORL i Estetski Tretmani Beograd","publisher":{"@id":"https:\/\/drprljamedical.dev-digitaldot.com\/en\/#organization"},"potentialAction":[{"@type":"SearchAction","target":{"@type":"EntryPoint","urlTemplate":"https:\/\/drprljamedical.dev-digitaldot.com\/en\/?s={search_term_string}"},"query-input":{"@type":"PropertyValueSpecification","valueRequired":true,"valueName":"search_term_string"}}],"inLanguage":"en-US"},{"@type":"Organization","@id":"https:\/\/drprljamedical.dev-digitaldot.com\/en\/#organization","name":"Dr Prlja Medical","url":"https:\/\/drprljamedical.dev-digitaldot.com\/en\/","logo":{"@type":"ImageObject","inLanguage":"en-US","@id":"https:\/\/drprljamedical.dev-digitaldot.com\/en\/#\/schema\/logo\/image\/","url":"https:\/\/drprljamedical.dev-digitaldot.com\/wp-content\/uploads\/2025\/01\/logo_header.svg","contentUrl":"https:\/\/drprljamedical.dev-digitaldot.com\/wp-content\/uploads\/2025\/01\/logo_header.svg","caption":"Dr Prlja Medical"},"image":{"@id":"https:\/\/drprljamedical.dev-digitaldot.com\/en\/#\/schema\/logo\/image\/"}}]}},"jetpack_sharing_enabled":true,"_links":{"self":[{"href":"https:\/\/drprljamedical.dev-digitaldot.com\/en\/wp-json\/wp\/v2\/pages\/3190","targetHints":{"allow":["GET"]}}],"collection":[{"href":"https:\/\/drprljamedical.dev-digitaldot.com\/en\/wp-json\/wp\/v2\/pages"}],"about":[{"href":"https:\/\/drprljamedical.dev-digitaldot.com\/en\/wp-json\/wp\/v2\/types\/page"}],"author":[{"embeddable":true,"href":"https:\/\/drprljamedical.dev-digitaldot.com\/en\/wp-json\/wp\/v2\/users\/1"}],"replies":[{"embeddable":true,"href":"https:\/\/drprljamedical.dev-digitaldot.com\/en\/wp-json\/wp\/v2\/comments?post=3190"}],"version-history":[{"count":2,"href":"https:\/\/drprljamedical.dev-digitaldot.com\/en\/wp-json\/wp\/v2\/pages\/3190\/revisions"}],"predecessor-version":[{"id":3356,"href":"https:\/\/drprljamedical.dev-digitaldot.com\/en\/wp-json\/wp\/v2\/pages\/3190\/revisions\/3356"}],"wp:featuredmedia":[{"embeddable":true,"href":"https:\/\/drprljamedical.dev-digitaldot.com\/en\/wp-json\/wp\/v2\/media\/3191"}],"wp:attachment":[{"href":"https:\/\/drprljamedical.dev-digitaldot.com\/en\/wp-json\/wp\/v2\/media?parent=3190"}],"curies":[{"name":"wp","href":"https:\/\/api.w.org\/{rel}","templated":true}]}}